{"id":13,"date":"2023-11-16T20:55:42","date_gmt":"2023-11-16T19:55:42","guid":{"rendered":"http:\/\/89.168.43.107\/wpmp\/?page_id=13"},"modified":"2025-09-07T17:41:06","modified_gmt":"2025-09-07T15:41:06","slug":"accueil","status":"publish","type":"page","link":"https:\/\/mpresort.fr\/","title":{"rendered":"Accueil"},"content":{"rendered":"\n<div class=\"wp-block-cover alignfull is-light\" style=\"min-height:700px;aspect-ratio:unset;\"><img loading=\"lazy\" decoding=\"async\" width=\"1920\" height=\"1009\" class=\"wp-block-cover__image-background wp-image-160 size-full\" alt=\"\" src=\"https:\/\/mpresort.fr\/wp-content\/uploads\/2025\/09\/2025-09-07_15.19.16.png\" data-object-fit=\"cover\"\/><span aria-hidden=\"true\" class=\"wp-block-cover__background has-background-dim-0 has-background-dim\" style=\"background-color:#888ea1\"><\/span><div class=\"wp-block-cover__inner-container is-layout-flow wp-block-cover-is-layout-flow\">\n<div style=\"height:80px\" aria-hidden=\"true\" class=\"wp-block-spacer\"><\/div>\n\n\n\n<h1 class=\"wp-block-heading has-text-align-center has-nv-site-bg-color has-text-color has-background\" style=\"background-color:#ffffff03\"><mark style=\"background-color:rgba(0, 0, 0, 0)\" class=\"has-inline-color has-nv-site-bg-color\"><em><strong>MINPARC RESORT<\/strong><\/em> <br>LA MAGIE SUR MINECRAFT<\/mark> !<\/h1>\n\n\n\n<div class=\"wp-block-buttons is-content-justification-center is-layout-flex wp-container-core-buttons-is-layout-16018d1d wp-block-buttons-is-layout-flex\">\n<div class=\"wp-block-button is-style-primary\"><a class=\"wp-block-button__link wp-element-button\" href=\"#\" style=\"border-radius:100px\">play.mpresort.fr (1.21.1)<\/a><\/div>\n\n\n\n<div class=\"wp-block-button is-style-secondary\"><a class=\"wp-block-button__link has-nv-light-bg-background-color has-background wp-element-button\" href=\"https:\/\/mpresort.fr\/index.php\/notre-equipe\/\" style=\"border-radius:100px\">Notre \u00e9quipe<\/a><\/div>\n<\/div>\n\n\n\n<div style=\"height:80px\" aria-hidden=\"true\" class=\"wp-block-spacer\"><\/div>\n\n\n\n<div style=\"height:80px\" aria-hidden=\"true\" class=\"wp-block-spacer\"><\/div>\n\n\n\n<p><\/p>\n<\/div><\/div>\n\n\n\n<div style=\"height:42px\" aria-hidden=\"true\" class=\"wp-block-spacer\"><\/div>\n\n\n\n<div class=\"wp-block-group\"><div class=\"wp-block-group__inner-container is-layout-constrained wp-block-group-is-layout-constrained\">\n<h2 class=\"wp-block-heading has-text-align-center\">L&rsquo;avanc\u00e9e du projet<\/h2>\n<\/div><\/div>\n\n\n\n<div class=\"wp-block-columns is-layout-flex wp-container-core-columns-is-layout-9d6595d7 wp-block-columns-is-layout-flex\">\n<div class=\"wp-block-column is-layout-flow wp-block-column-is-layout-flow\" style=\"flex-basis:25%\">\n<blockquote class=\"wp-block-quote is-layout-flow wp-block-quote-is-layout-flow\">\n<p class=\"has-text-align-right\">MinParc Resort, un <br>serveur en perp\u00e9tuel mouvement <\/p>\n<\/blockquote>\n<\/div>\n\n\n\n<div class=\"wp-block-column is-layout-flow wp-block-column-is-layout-flow\" style=\"flex-basis:50%\">\n<p><strong>Pr\u00e9sentation globale<\/strong><br>D\u00e9couvrez un serveur unique divis\u00e9 en plusieurs parties, chacune avec son ambiance et ses attractions. De Main Street \u00e0 Discoveryland, explorez des univers vari\u00e9s et immersifs !<\/p>\n\n\n\n<div style=\"height:14px\" aria-hidden=\"true\" class=\"wp-block-spacer\"><\/div>\n\n\n\n<p><strong>Main Street<\/strong><br>Baladez-vous dans Main Street, ses gares et son aquarium. L\u2019entr\u00e9e id\u00e9ale pour plonger dans la magie.<\/p>\n\n\n\n<div style=\"height:7px\" aria-hidden=\"true\" class=\"wp-block-spacer\"><\/div>\n\n\n\n<p><strong>Frontierland<\/strong><br>Plongez dans l\u2019Ouest sauvage avec Phantom Manor, Big Thunder Mountain et de nombreuses autres exp\u00e9riences. Un land riche en aventures et en d\u00e9cors impressionnants.<\/p>\n\n\n\n<div style=\"height:13px\" aria-hidden=\"true\" class=\"wp-block-spacer\"><\/div>\n\n\n\n<p><strong>American Crossroads<\/strong><br>D\u00e9couvrez l\u2019Am\u00e9rique \u00e0 travers Hollywood Boulevard et sa Tower of Terror ou encore Liberty Square. D\u2019autres surprises inspir\u00e9es de la culture am\u00e9ricaine vous y attendent.<\/p>\n\n\n\n<div style=\"height:15px\" aria-hidden=\"true\" class=\"wp-block-spacer\"><\/div>\n\n\n\n<p><strong>Adventureland<\/strong><br>Embarquez pour des qu\u00eates exotiques dans Splash Mountain, d\u00e9couvrez le Hollandais Volant et bien d\u2019autres exp\u00e9ditions palpitantes. L\u2019endroit id\u00e9al pour les explorateurs&#8230;<\/p>\n\n\n\n<div style=\"height:15px\" aria-hidden=\"true\" class=\"wp-block-spacer\"><\/div>\n\n\n\n<p><strong>London Square<\/strong><br>Retrouvez l\u2019\u00e9l\u00e9gance de Londres dans une ambiance myst\u00e9rieuse avec The Magical House of Houdini. Un land raffin\u00e9 au charme britannique.<\/p>\n\n\n\n<div style=\"height:10px\" aria-hidden=\"true\" class=\"wp-block-spacer\"><\/div>\n\n\n\n<p><strong>Fantasyland<\/strong><br>Plongez dans l\u2019univers f\u00e9erique de Fantasyland et entr\u00e9e au c\u0153ur du ch\u00e2teau avec Symbolica, une attraction magique pleine de r\u00eave et d\u2019imaginaire !<\/p>\n\n\n\n<div style=\"height:15px\" aria-hidden=\"true\" class=\"wp-block-spacer\"><\/div>\n\n\n\n<p><strong>Toy Story Playland<\/strong><br>Entrez dans le monde des jouets avec RC Racer, Slinky Dog Dash, et bien d\u2019autres amis. Un land color\u00e9 pour petits et grands !<\/p>\n\n\n\n<div style=\"height:16px\" aria-hidden=\"true\" class=\"wp-block-spacer\"><\/div>\n\n\n\n<p><strong>Discoveryland<\/strong><br>Explorez le futur et les myst\u00e8res des profondeurs avec Orbitron ou Les Myst\u00e8res du Nautilus. Un land tourn\u00e9 vers l\u2019innovation et la d\u00e9couverte.<\/p>\n<\/div>\n\n\n\n<div class=\"wp-block-column is-layout-flow wp-block-column-is-layout-flow\" style=\"flex-basis:25%\">\n<div class=\"wp-block-columns is-layout-flex wp-container-core-columns-is-layout-9d6595d7 wp-block-columns-is-layout-flex\">\n<div class=\"wp-block-column is-layout-flow wp-block-column-is-layout-flow\" style=\"flex-basis:33.33%\"><p><svg width=\"125\" height=\"125\" viewBox=\"-15.625 -15.625 156.25 156.25\" version=\"1.1\" xmlns=\"http:\/\/www.w3.org\/2000\/svg\" style=\"transform:rotate(-90deg)\">\n    <circle r=\"52.5\" cx=\"62.5\" cy=\"62.5\" fill=\"transparent\" stroke=\"#c0c0c0\" stroke-width=\"7\"><\/circle>\n    <circle r=\"52.5\" cx=\"62.5\" cy=\"62.5\" stroke=\"#d90005\" stroke-width=\"10\" stroke-linecap=\"round\" stroke-dashoffset=\"164px\" fill=\"transparent\" stroke-dasharray=\"329.7px\"><\/circle>\n    <text x=\"40px\" y=\"76px\" fill=\"#000000\" font-size=\"41px\" font-weight=\"bold\" style=\"transform:rotate(90deg) translate(0px, -121px)\">42<\/text>\n  <\/svg><\/p>\n\n\n<p><svg width=\"110\" height=\"110\" viewBox=\"-13.75 -13.75 137.5 137.5\" version=\"1.1\" xmlns=\"http:\/\/www.w3.org\/2000\/svg\" style=\"transform:rotate(-90deg)\">\n    <circle r=\"45\" cx=\"55\" cy=\"55\" fill=\"transparent\" stroke=\"#c0c0c0\" stroke-width=\"7\"><\/circle>\n    <circle r=\"45\" cx=\"55\" cy=\"55\" stroke=\"#ff5e62\" stroke-width=\"10\" stroke-linecap=\"round\" stroke-dashoffset=\"96px\" fill=\"transparent\" stroke-dasharray=\"282.6px\"><\/circle>\n    <text x=\"35px\" y=\"67px\" fill=\"#000000\" font-size=\"36px\" font-weight=\"bold\" style=\"transform:rotate(90deg) translate(0px, -106px)\">66<\/text>\n  <\/svg><\/p>\n\n\n<p><svg width=\"110\" height=\"110\" viewBox=\"-13.75 -13.75 137.5 137.5\" version=\"1.1\" xmlns=\"http:\/\/www.w3.org\/2000\/svg\" style=\"transform:rotate(-90deg)\">\n    <circle r=\"45\" cx=\"55\" cy=\"55\" fill=\"transparent\" stroke=\"#c0c0c0\" stroke-width=\"7\"><\/circle>\n    <circle r=\"45\" cx=\"55\" cy=\"55\" stroke=\"#eb7c18\" stroke-width=\"9\" stroke-linecap=\"round\" stroke-dashoffset=\"212px\" fill=\"transparent\" stroke-dasharray=\"282.6px\"><\/circle>\n    <text x=\"35px\" y=\"67px\" fill=\"#000000\" font-size=\"36px\" font-weight=\"bold\" style=\"transform:rotate(90deg) translate(0px, -106px)\">25<\/text>\n  <\/svg><\/p>\n\n\n<p><svg width=\"110\" height=\"110\" viewBox=\"-13.75 -13.75 137.5 137.5\" version=\"1.1\" xmlns=\"http:\/\/www.w3.org\/2000\/svg\" style=\"transform:rotate(-90deg)\">\n    <circle r=\"45\" cx=\"55\" cy=\"55\" fill=\"transparent\" stroke=\"#c0c0c0\" stroke-width=\"7\"><\/circle>\n    <circle r=\"45\" cx=\"55\" cy=\"55\" stroke=\"#a0b9d8\" stroke-width=\"9\" stroke-linecap=\"round\" stroke-dashoffset=\"170px\" fill=\"transparent\" stroke-dasharray=\"282.6px\"><\/circle>\n    <text x=\"35px\" y=\"67px\" fill=\"#000000\" font-size=\"36px\" font-weight=\"bold\" style=\"transform:rotate(90deg) translate(0px, -106px)\">40<\/text>\n  <\/svg><\/p>\n\n\n<p><svg width=\"110\" height=\"110\" viewBox=\"-13.75 -13.75 137.5 137.5\" version=\"1.1\" xmlns=\"http:\/\/www.w3.org\/2000\/svg\" style=\"transform:rotate(-90deg)\">\n    <circle r=\"45\" cx=\"55\" cy=\"55\" fill=\"transparent\" stroke=\"#c0c0c0\" stroke-width=\"7\"><\/circle>\n    <circle r=\"45\" cx=\"55\" cy=\"55\" stroke=\"#978546\" stroke-width=\"9\" stroke-linecap=\"round\" stroke-dashoffset=\"283px\" fill=\"transparent\" stroke-dasharray=\"282.6px\"><\/circle>\n    <text x=\"35px\" y=\"67px\" fill=\"#000000\" font-size=\"36px\" font-weight=\"bold\" style=\"transform:rotate(90deg) translate(0px, -106px)\">00<\/text>\n  <\/svg><\/p>\n\n\n<p><svg width=\"110\" height=\"110\" viewBox=\"-13.75 -13.75 137.5 137.5\" version=\"1.1\" xmlns=\"http:\/\/www.w3.org\/2000\/svg\" style=\"transform:rotate(-90deg)\">\n    <circle r=\"45\" cx=\"55\" cy=\"55\" fill=\"transparent\" stroke=\"#c0c0c0\" stroke-width=\"7\"><\/circle>\n    <circle r=\"45\" cx=\"55\" cy=\"55\" stroke=\"#225bbb\" stroke-width=\"9\" stroke-linecap=\"round\" stroke-dashoffset=\"0px\" fill=\"transparent\" stroke-dasharray=\"282.6px\"><\/circle>\n    <text x=\"25px\" y=\"67px\" fill=\"#000000\" font-size=\"36px\" font-weight=\"bold\" style=\"transform:rotate(90deg) translate(0px, -106px)\">100<\/text>\n  <\/svg><\/p>\n\n\n<p><svg width=\"110\" height=\"110\" viewBox=\"-13.75 -13.75 137.5 137.5\" version=\"1.1\" xmlns=\"http:\/\/www.w3.org\/2000\/svg\" style=\"transform:rotate(-90deg)\">\n    <circle r=\"45\" cx=\"55\" cy=\"55\" fill=\"transparent\" stroke=\"#c0c0c0\" stroke-width=\"7\"><\/circle>\n    <circle r=\"45\" cx=\"55\" cy=\"55\" stroke=\"#ec8ae4\" stroke-width=\"9\" stroke-linecap=\"round\" stroke-dashoffset=\"283px\" fill=\"transparent\" stroke-dasharray=\"282.6px\"><\/circle>\n    <text x=\"35px\" y=\"67px\" fill=\"#000000\" font-size=\"36px\" font-weight=\"bold\" style=\"transform:rotate(90deg) translate(0px, -106px)\">00<\/text>\n  <\/svg><\/p>\n\n\n<p><svg width=\"110\" height=\"110\" viewBox=\"-13.75 -13.75 137.5 137.5\" version=\"1.1\" xmlns=\"http:\/\/www.w3.org\/2000\/svg\" style=\"transform:rotate(-90deg)\">\n    <circle r=\"45\" cx=\"55\" cy=\"55\" fill=\"transparent\" stroke=\"#c0c0c0\" stroke-width=\"7\"><\/circle>\n    <circle r=\"45\" cx=\"55\" cy=\"55\" stroke=\"#459447\" stroke-width=\"9\" stroke-linecap=\"round\" stroke-dashoffset=\"57px\" fill=\"transparent\" stroke-dasharray=\"282.6px\"><\/circle>\n    <text x=\"35px\" y=\"67px\" fill=\"#000000\" font-size=\"36px\" font-weight=\"bold\" style=\"transform:rotate(90deg) translate(0px, -106px)\">80<\/text>\n  <\/svg><\/p>\n\n\n<p><svg width=\"110\" height=\"110\" viewBox=\"-13.75 -13.75 137.5 137.5\" version=\"1.1\" xmlns=\"http:\/\/www.w3.org\/2000\/svg\" style=\"transform:rotate(-90deg)\">\n    <circle r=\"45\" cx=\"55\" cy=\"55\" fill=\"transparent\" stroke=\"#c0c0c0\" stroke-width=\"7\"><\/circle>\n    <circle r=\"45\" cx=\"55\" cy=\"55\" stroke=\"#dbcd22\" stroke-width=\"9\" stroke-linecap=\"round\" stroke-dashoffset=\"189px\" fill=\"transparent\" stroke-dasharray=\"282.6px\"><\/circle>\n    <text x=\"35px\" y=\"67px\" fill=\"#000000\" font-size=\"36px\" font-weight=\"bold\" style=\"transform:rotate(90deg) translate(0px, -106px)\">33<\/text>\n  <\/svg><\/p>\n<\/div>\n\n\n\n<div class=\"wp-block-column is-layout-flow wp-block-column-is-layout-flow\" style=\"flex-basis:66.66%\">\n<p><br><strong>GLOBAL<\/strong><br>#MINPARC<br><\/p>\n\n\n\n<div style=\"height:47px\" aria-hidden=\"true\" class=\"wp-block-spacer\"><\/div>\n\n\n\n<p><br><strong>MAIN STREET<\/strong><br>#CITY<br><\/p>\n\n\n\n<div style=\"height:53px\" aria-hidden=\"true\" class=\"wp-block-spacer\"><\/div>\n\n\n\n<p><strong>FRONTIERLAND<\/strong><br>#FAR-WEST<\/p>\n\n\n\n<div style=\"height:21px\" aria-hidden=\"true\" class=\"wp-block-spacer\"><\/div>\n\n\n\n<p><br><strong>AMERICAN CROSSROADS<\/strong><br>#AMERICA<br><\/p>\n\n\n\n<div style=\"height:44px\" aria-hidden=\"true\" class=\"wp-block-spacer\"><\/div>\n\n\n\n<p><strong>ADVENTURELAND<\/strong><br>#EXPEDITION<\/p>\n\n\n\n<div style=\"height:62px\" aria-hidden=\"true\" class=\"wp-block-spacer\"><\/div>\n\n\n\n<p><strong>LONDON SQUARE<\/strong><br>#BIG-BEN<\/p>\n\n\n\n<div style=\"height:62px\" aria-hidden=\"true\" class=\"wp-block-spacer\"><\/div>\n\n\n\n<p><strong>FANTASYLAND<\/strong><br>#CHATEAU<\/p>\n\n\n\n<div style=\"height:52px\" aria-hidden=\"true\" class=\"wp-block-spacer\"><\/div>\n\n\n\n<p><strong>TOY STORY PLAYLAND<\/strong><br>#JOUETS<\/p>\n\n\n\n<div style=\"height:46px\" aria-hidden=\"true\" class=\"wp-block-spacer\"><\/div>\n\n\n\n<p><strong>DISCOVERYLAND<\/strong><br>#RETROFUTUR<\/p>\n<\/div>\n<\/div>\n<\/div>\n<\/div>\n\n\n\n<p><\/p>\n","protected":false},"excerpt":{"rendered":"<p>L&rsquo;avanc\u00e9e du projet MinParc Resort, un serveur en perp\u00e9tuel mouvement Pr\u00e9sentation globaleD\u00e9couvrez un serveur unique divis\u00e9 en plusieurs parties, chacune avec son ambiance et ses attractions. De Main Street \u00e0 Discoveryland, explorez des univers vari\u00e9s et immersifs ! Main StreetBaladez-vous dans Main Street, ses gares et son aquarium. L\u2019entr\u00e9e id\u00e9ale pour plonger dans la magie.&hellip;&nbsp;<a href=\"https:\/\/mpresort.fr\/\" rel=\"bookmark\">Lire la suite &raquo;<span class=\"screen-reader-text\">Accueil<\/span><\/a><\/p>\n","protected":false},"author":1,"featured_media":0,"parent":0,"menu_order":0,"comment_status":"closed","ping_status":"closed","template":"","meta":{"neve_meta_sidebar":"","neve_meta_container":"","neve_meta_enable_content_width":"on","neve_meta_content_width":100,"neve_meta_title_alignment":"","neve_meta_author_avatar":"","neve_post_elements_order":"","neve_meta_disable_header":"","neve_meta_disable_footer":"","neve_meta_disable_title":"on","footnotes":""},"class_list":["post-13","page","type-page","status-publish","hentry"],"_links":{"self":[{"href":"https:\/\/mpresort.fr\/index.php\/wp-json\/wp\/v2\/pages\/13","targetHints":{"allow":["GET"]}}],"collection":[{"href":"https:\/\/mpresort.fr\/index.php\/wp-json\/wp\/v2\/pages"}],"about":[{"href":"https:\/\/mpresort.fr\/index.php\/wp-json\/wp\/v2\/types\/page"}],"author":[{"embeddable":true,"href":"https:\/\/mpresort.fr\/index.php\/wp-json\/wp\/v2\/users\/1"}],"replies":[{"embeddable":true,"href":"https:\/\/mpresort.fr\/index.php\/wp-json\/wp\/v2\/comments?post=13"}],"version-history":[{"count":164,"href":"https:\/\/mpresort.fr\/index.php\/wp-json\/wp\/v2\/pages\/13\/revisions"}],"predecessor-version":[{"id":341,"href":"https:\/\/mpresort.fr\/index.php\/wp-json\/wp\/v2\/pages\/13\/revisions\/341"}],"wp:attachment":[{"href":"https:\/\/mpresort.fr\/index.php\/wp-json\/wp\/v2\/media?parent=13"}],"curies":[{"name":"wp","href":"https:\/\/api.w.org\/{rel}","templated":true}]}}